{"id":380,"date":"2024-04-29T12:30:12","date_gmt":"2024-04-29T10:30:12","guid":{"rendered":"https:\/\/www.ecologik-it.com\/site\/?page_id=380"},"modified":"2024-05-06T18:35:12","modified_gmt":"2024-05-06T16:35:12","slug":"mentions-legales","status":"publish","type":"page","link":"https:\/\/www.ecologik-it.com\/site\/mentions-legales\/","title":{"rendered":"Mentions l\u00e9gales"},"content":{"rendered":"\n<p id=\"block-9ca3b76d-d8ed-4a08-be8b-9626ba09f1a3\">Merci de lire attentivement les pr\u00e9sentes modalit\u00e9s d\u2019utilisation du pr\u00e9sent site avant de le parcourir. En vous connectant sur ce site, vous acceptez sans r\u00e9serve les pr\u00e9sentes modalit\u00e9s.<\/p>\n\n\n\n<h2 class=\"wp-block-heading has-superbfont-medium-font-size\">\u00c9DITEUR DU SITE<\/h2>\n\n\n\n<p class=\"has-superbfont-small-font-size\"><strong><a href=\"https:\/\/www.ecologik-it.com\/\">www.ecologik-it.com<\/a><\/strong><\/p>\n\n\n\n<p class=\"has-superbfont-small-font-size\"><strong>ECOLOGIK IT SERVICES<\/strong><\/p>\n\n\n\n<ul class=\"wp-block-list\">\n<li class=\"has-superbfont-xsmall-font-size\">Adresse : 2 avenue des lacs 63570 AUZAT-LA COMBELLE, FRANCE<\/li>\n\n\n\n<li class=\"has-superbfont-xsmall-font-size\">T\u00e9l\u00e9phone + 33 (0) 6 98 76 10 15<\/li>\n\n\n\n<li class=\"has-superbfont-xsmall-font-size\">Contact : <a href=\"mailto:contact@ecologik-it.com\">contact@ecologik-it.com<\/a><\/li>\n\n\n\n<li class=\"has-superbfont-xsmall-font-size\">Code APE : 6202A<\/li>\n\n\n\n<li class=\"has-superbfont-xsmall-font-size\">SIRET : 928 414 697 00013<\/li>\n\n\n\n<li class=\"has-superbfont-xsmall-font-size\"><em>TVA non applicable &#8211; article 293 B du Code G\u00e9n\u00e9ral des Imp\u00f4ts<\/em><\/li>\n\n\n\n<li class=\"has-superbfont-xsmall-font-size\">Le Directeur de la publication est : <strong>Serge ROUX-LESCURE<\/strong><\/li>\n<\/ul>\n\n\n\n<h2 class=\"wp-block-heading has-superbfont-medium-font-size\">CONDITIONS D\u2019UTILISATION<\/h2>\n\n\n\n<p>Le site accessible par les URL suivants : <a href=\"https:\/\/www.ecologik-it.com\">https:\/\/www.ecologik-it.com<\/a>, <a href=\"https:\/\/cloud.ecologik-it.com\">https:\/\/cloud.ecologik-it.com<\/a>, est exploit\u00e9 dans le respect de la l\u00e9gislation fran\u00e7aise. L\u2019utilisation de ce site est r\u00e9gie par les pr\u00e9sentes conditions g\u00e9n\u00e9rales. En utilisant le site, vous reconnaissez avoir pris connaissance de ces conditions et les avoir accept\u00e9es. Celles-ci pourront \u00eatre modifi\u00e9es \u00e0 tout moment et sans pr\u00e9avis par la soci\u00e9t\u00e9<strong> ECOLOGIK IT SERVICES<\/strong>. <strong>ECOLOGIK IT SERVICES<\/strong> ne saurait \u00eatre tenue pour responsable en aucune mani\u00e8re d\u2019une mauvaise utilisation du service.<\/p>\n\n\n\n<h2 class=\"wp-block-heading has-superbfont-medium-font-size\">LIMITATION DE RESPONSABILIT\u00c9<\/h2>\n\n\n\n<p>Les informations contenues sur ce site sont aussi pr\u00e9cises que possibles et le site est p\u00e9riodiquement remis \u00e0 jour, mais peut toutefois contenir des inexactitudes, des omissions ou des lacunes. Si vous constatez une lacune, erreur ou ce qui para\u00eet \u00eatre un dysfonctionnement, merci de bien vouloir le signaler par email en d\u00e9crivant le probl\u00e8me de la mani\u00e8re la plus pr\u00e9cise possible (page posant probl\u00e8me, type d\u2019ordinateur et de navigateur utilis\u00e9\u2026).<\/p>\n\n\n\n<p>Tout contenu t\u00e9l\u00e9charg\u00e9 se fait aux risques et p\u00e9rils de l\u2019utilisateur et sous sa seule responsabilit\u00e9. En cons\u00e9quence, <strong>ECOLOGIK IT SERVICES<\/strong> ne saurait \u00eatre tenue responsable d\u2019un quelconque dommage subi par l\u2019ordinateur de l\u2019utilisateur ou d\u2019une quelconque perte de donn\u00e9es cons\u00e9cutives au t\u00e9l\u00e9chargement.<\/p>\n\n\n\n<p>Les photos sont non contractuelles.<\/p>\n\n\n\n<p>Les liens hypertextes mis en place dans le cadre du pr\u00e9sent site Internet en direction d\u2019autres ressources pr\u00e9sentes sur le r\u00e9seau Internet ne sauraient engager la responsabilit\u00e9 de <strong>ECOLOGIK IT SERVICES<\/strong>.<\/p>\n\n\n\n<h2 class=\"wp-block-heading has-superbfont-medium-font-size\">LITIGES<\/h2>\n\n\n\n<p>Les pr\u00e9sentes conditions sont r\u00e9gies par les lois fran\u00e7aises et toute contestation ou litiges qui pourraient na\u00eetre de l\u2019interpr\u00e9tation ou de l\u2019ex\u00e9cution de celles-ci seront de la comp\u00e9tence exclusive des tribunaux dont d\u00e9pend le si\u00e8ge social de la soci\u00e9t\u00e9 <strong>ECOLOGIK IT SERVICES<\/strong>. La langue de r\u00e9f\u00e9rence, pour le r\u00e8glement de contentieux \u00e9ventuels, est le fran\u00e7ais.<\/p>\n\n\n\n<h2 class=\"wp-block-heading has-superbfont-medium-font-size\">DROIT D\u2019ACC\u00c8S<\/h2>\n\n\n\n<p>En application de cette loi, les internautes disposent d\u2019un droit d\u2019acc\u00e8s, de rectification, de modification et de suppression concernant les donn\u00e9es qui les concernent personnellement. Ce droit peut \u00eatre exerc\u00e9 par voie postale aupr\u00e8s de <strong>ECOLOGIK IT SERVICES<\/strong>, 2 avenue des Lacs, 63570 Auzat-La Combelle, France ou par voie \u00e9lectronique \u00e0 l\u2019adresse suivante : <a href=\"mailto:contact@ecologik-it.com\">contact@ecologik-it.com<\/a><\/p>\n\n\n\n<p>Les informations personnelles collect\u00e9es ne sont en aucun cas confi\u00e9es \u00e0 des tiers hormis pour l\u2019\u00e9ventuelle bonne ex\u00e9cution de la prestation command\u00e9e par l\u2019internaute.<\/p>\n\n\n\n<h2 class=\"wp-block-heading has-superbfont-medium-font-size\">CONFIDENTIALIT\u00c9<\/h2>\n\n\n\n<p>Vos donn\u00e9es personnelles sont confidentielles et ne seront en aucun cas communiqu\u00e9es \u00e0 des tiers hormis pour la bonne ex\u00e9cution de la prestation.<\/p>\n\n\n\n<h2 class=\"wp-block-heading has-superbfont-medium-font-size\">PROPRI\u00c9T\u00c9 INTELLECTUELLE<\/h2>\n\n\n\n<p>Tout le contenu du pr\u00e9sent site, incluant, mais non limit\u00e9 \u00e0, les graphismes, images, textes, vid\u00e9os, animations, sons, logos, gifs et ic\u00f4nes ainsi que leur mise en forme sont la propri\u00e9t\u00e9 exclusive de la soci\u00e9t\u00e9 <strong>ECOLOGIK IT SERVICES <\/strong>\u00e0 l&rsquo;exception des marques, logos ou contenus appartenant \u00e0 d\u2019autres soci\u00e9t\u00e9s partenaires ou auteurs.<\/p>\n\n\n\n<p>Toute reproduction, distribution, modification, adaptation, retransmission ou publication, m\u00eame partielle, de ces diff\u00e9rents \u00e9l\u00e9ments est strictement interdite sans l\u2019accord expr\u00e8s par \u00e9crit de <strong>ECOLOGIK IT SERVICES<\/strong>. Cette repr\u00e9sentation ou reproduction, par quelque proc\u00e9d\u00e9 que ce soit, constitue une contrefa\u00e7on sanctionn\u00e9es par les articles L.3335-2 et suivants du Code de la Propri\u00e9t\u00e9 Intellectuelle. Le non-respect de cette interdiction constitue une contrefa\u00e7on pouvant engager la responsabilit\u00e9 civile et p\u00e9nale du contrefacteur. En outre, les propri\u00e9taires des contenus copi\u00e9s pourraient intenter une action en justice \u00e0 votre encontre.<\/p>\n\n\n\n<p><strong>ECOLOGIK IT SERVICES<\/strong> est identiquement propri\u00e9taire des \u00ab droits des producteurs de bases de donn\u00e9es \u00bb vis\u00e9s au Livre III, Titre IV, du Code de la Propri\u00e9t\u00e9 Intellectuelle (loi n\u00b0 98-536 du 1er juillet 1998) relative aux droits d\u2019auteur et aux bases de donn\u00e9es.<\/p>\n\n\n\n<p>Les utilisateurs et visiteurs du site Internet peuvent mettre en place un hyperlien en direction de ce site, mais uniquement en direction de la page d\u2019accueil, accessible \u00e0 l\u2019URL suivante : http:\/\/www.ecologik-it.com, \u00e0 condition que ce lien s\u2019ouvre dans une nouvelle fen\u00eatre. En particulier un lien vers une sous page (\u00ab lien profond \u00bb) est interdit, ainsi que l\u2019ouverture du pr\u00e9sent site au sein d\u2019un cadre (\u00ab framing \u00bb), sauf l\u2019autorisation expresse et pr\u00e9alable de <strong>ECOLOGIK IT SERVICES<\/strong>.<\/p>\n\n\n\n<p>Pour toute demande d\u2019autorisation ou d\u2019information, veuillez nous contacter par email : <a href=\"mailto:contact@ecologik-it.com\">contact@ecologik-it.com<\/a>.<\/p>\n\n\n\n<p>Par ailleurs, la mise en forme de ce site a n\u00e9cessit\u00e9 le recours \u00e0 des sources externes dont nous avons acquis les droits ou dont les droits d\u2019utilisation sont ouverts.<\/p>\n\n\n\n<h2 class=\"wp-block-heading has-superbfont-medium-font-size\">R\u00c9ALISATION DU SITE<\/h2>\n\n\n\n<p><strong>ECOLOGIK IT SERVICES<\/strong><br>2 avenue des Lacs<br>63570 AUZAT-LA COMBELLE<br>FRANCE<\/p>\n\n\n\n<h2 class=\"wp-block-heading has-superbfont-medium-font-size\">H\u00c9BERGEUR<\/h2>\n\n\n\n<p><a href=\"https:\/\/www.ovhcloud.com\/fr\/\">OVH SAS<\/a><br>2 rue Kellermann<br>59100 ROUBAIX<br>FRANCE<\/p>\n\n\n\n<h2 class=\"wp-block-heading has-superbfont-medium-font-size\">CONDITIONS DE SERVICE<\/h2>\n\n\n\n<p><strong>ECOLOGIK IT SERVICES<\/strong> met en \u0153uvre tous les moyens dont elle dispose, pour assurer une information fiable et une mise \u00e0 jour fiable de son site Internet. Toutefois, des erreurs ou omissions peuvent survenir. L\u2019internaute devra donc s\u2019assurer de l\u2019exactitude des informations aupr\u00e8s de <strong>ECOLOGIK IT SERVICES<\/strong>, et signaler toutes modifications du site qu\u2019il jugerait utile. <strong>ECOLOGIK IT SERVICES<\/strong> n\u2019est en aucun cas responsable de l\u2019utilisation faite de ces informations, et de tout pr\u00e9judice direct ou indirect pouvant en d\u00e9couler.<\/p>\n\n\n\n<h2 class=\"wp-block-heading has-superbfont-medium-font-size\">COOKIES<\/h2>\n\n\n\n<p>Pour des besoins de statistiques et d\u2019affichage, le pr\u00e9sent site utilise des cookies. Il s\u2019agit de petits fichiers textes stock\u00e9s sur votre disque dur afin d\u2019enregistrer des donn\u00e9es techniques sur votre navigation. Certaines parties de ce site ne peuvent \u00eatre fonctionnelles sans l\u2019acceptation de cookies.<\/p>\n\n\n\n<h2 class=\"wp-block-heading has-superbfont-medium-font-size\">LIENS HYPERTEXTES<\/h2>\n\n\n\n<p>Le site Internet de <strong>ECOLOGIK IT SERVICES<\/strong> peut offrir des liens vers d\u2019autres sites Internet ou d\u2019autres ressources disponibles sur Internet.<strong>ECOLOGIK IT SERVICES<\/strong> ne dispose d\u2019aucun moyen pour contr\u00f4ler les sites en connexion avec son site Internet. <strong>ECOLOGIK IT SERVICES <\/strong>ne r\u00e9pond pas de la disponibilit\u00e9 de tels sites et sources externes, ni ne la garantit. Elle ne peut \u00eatre tenue pour responsable de tout dommage, de quelque nature que ce soit, r\u00e9sultant du contenu de ces sites ou sources externes, et notamment des informations, produits ou services qu\u2019ils proposent, ou de tout usage qui peut \u00eatre fait de ces \u00e9l\u00e9ments. Les risques li\u00e9s \u00e0 cette utilisation incombent pleinement \u00e0 l\u2019internaute, qui doit se conformer \u00e0 leurs conditions d\u2019utilisation.Les utilisateurs, les abonn\u00e9s et les visiteurs du site Internet de <strong>ECOLOGIK IT SERVICES<\/strong> ne peuvent mettre ne place un hyperlien en direction de ce site sans l\u2019autorisation expresse et pr\u00e9alable de<strong> ECOLOGIK IT SERVICES.<\/strong> Dans l\u2019hypoth\u00e8se o\u00f9 un utilisateur ou visiteur souhaiterait mettre en place un hyperlien en direction d\u2019un du site Internet de <strong>ECOLOGIK IT SERVICES<\/strong>, il lui appartiendra d\u2019adresser un email accessible sur le site afin de formuler sa demande de mise en place d\u2019un hyperlien. <strong>ECOLOGIK IT SERVICES<\/strong> se r\u00e9serve le droit d\u2019accepter ou de refuser un hyperlien sans avoir \u00e0 en justifier sa d\u00e9cision.<\/p>\n\n\n\n<h2 class=\"wp-block-heading has-superbfont-medium-font-size\">RECHERCHE<\/h2>\n\n\n\n<p>En outre, le renvoi sur un site Internet pour compl\u00e9ter une information recherch\u00e9e ne signifie en aucune fa\u00e7on que <strong>ECOLOGIK IT SERVICES<\/strong> reconna\u00eet ou accepte quelque responsabilit\u00e9 quant \u00e0 la teneur ou \u00e0 l\u2019utilisation dudit site.<\/p>\n\n\n\n<h2 class=\"wp-block-heading has-superbfont-medium-font-size\">PR\u00c9CAUTIONS D\u2019USAGE<\/h2>\n\n\n\n<p>Il vous incombe par cons\u00e9quent de prendre les pr\u00e9cautions d\u2019usage n\u00e9cessaires pour vous assurer que ce que vous choisissez d\u2019utiliser ne soit pas entach\u00e9 d\u2019erreurs voire d\u2019\u00e9l\u00e9ments de nature destructrice tels que virus, trojans, etc.<\/p>\n\n\n\n<h2 class=\"wp-block-heading has-superbfont-medium-font-size\">RESPONSABILIT\u00c9<\/h2>\n\n\n\n<p>Aucune garantie n\u2019est accord\u00e9e au client, auquel incombe l\u2019obligation de formuler clairement ses besoins et le devoir de s\u2019informer. Si des informations fournie par <strong>ECOLOGIK IT SERVICES<\/strong> apparaissent inexactes, il appartiendra au client de proc\u00e9der lui-m\u00eame \u00e0 toutes v\u00e9rifications de la coh\u00e9rence ou de la vraisemblance des r\u00e9sultats obtenus. ECOLOGIK IT SERVICES ne sera en aucune fa\u00e7on responsable vis \u00e0 vis des tiers de l\u2019utilisation par le client des informations ou de leur absence contenues dans ses produits, y compris son site Internet.<\/p>\n\n\n\n<h2 class=\"wp-block-heading has-superbfont-medium-font-size\">COMMENTAIRES<\/h2>\n\n\n\n<p>Quand vous laissez un commentaire sur notre site, les donn\u00e9es inscrites dans le formulaire de commentaire, ainsi que votre adresse IP et l\u2019agent utilisateur de votre navigateur sont collect\u00e9s pour nous aider \u00e0 la d\u00e9tection des commentaires ind\u00e9sirables. Une cha\u00eene anonymis\u00e9e cr\u00e9\u00e9e \u00e0 partir de votre adresse e-mail (\u00e9galement appel\u00e9e hash) peut \u00eatre envoy\u00e9e au service Gravatar pour v\u00e9rifier si vous utilisez ce dernier. Les clauses de confidentialit\u00e9 du service Gravatar sont disponibles ici&nbsp;: <a href=\"https:\/\/automattic.com\/privacy\/\">https:\/\/automattic.com\/privacy\/<\/a>. Apr\u00e8s validation de votre commentaire, votre photo de profil sera visible publiquement \u00e0 cot\u00e9 de votre commentaire. Les commentaires sont mod\u00e9r\u00e9s \u00e0 post\u00e9riori. Les commentaires ne respectant pas le droit fran\u00e7ais, les injures, les appels \u00e0 la haine, les discriminations, la diffamation ne sont pas admis. <strong>ECOLOGIK IT SERVICES<\/strong> se r\u00e9serve en outre le droit de signaler aux autorit\u00e9s comp\u00e9tentes tout abus en la mati\u00e8re.<\/p>\n\n\n\n<h2 class=\"wp-block-heading has-superbfont-medium-font-size\">CONTACTEZ-NOUS<\/h2>\n\n\n\n<p><strong>ECOLOGIK IT SERVICES<\/strong> est \u00e0 votre disposition pour tous commentaires ou suggestions. Vous pouvez nous \u00e9crire en fran\u00e7ais, ou en anglais, par courrier \u00e9lectronique \u00e0 : <a href=\"mailto:contact@ecologik-it.com\">contact@ecologik-it.com<\/a> ou simplement en utilisant le formulaire de contact :<\/p>\n\n\n\n<div class=\"wp-block-buttons is-layout-flex wp-block-buttons-is-layout-flex\">\n<div class=\"wp-block-button\"><a class=\"wp-block-button__link wp-element-button\" href=\"https:\/\/www.ecologik-it.com\/site\/contact\/\">Contactez-moi<\/a><\/div>\n<\/div>\n","protected":false},"excerpt":{"rendered":"<p>Merci de lire attentivement les pr\u00e9sentes modalit\u00e9s d\u2019utilisation du pr\u00e9sent site avant de le parcourir. En vous connectant sur ce site, vous acceptez sans r\u00e9serve les pr\u00e9sentes modalit\u00e9s. \u00c9DITEUR DU SITE www.ecologik-it.com ECOLOGIK IT SERVICES CONDITIONS D\u2019UTILISATION Le site accessible par les URL suivants : https:\/\/www.ecologik-it.com, https:\/\/cloud.ecologik-it.com, est exploit\u00e9 dans le respect de la l\u00e9gislation [&hellip;]<\/p>\n","protected":false},"author":1,"featured_media":0,"parent":0,"menu_order":0,"comment_status":"closed","ping_status":"closed","template":"","meta":{"_monsterinsights_skip_tracking":false,"_monsterinsights_sitenote_active":false,"_monsterinsights_sitenote_note":"","_monsterinsights_sitenote_category":0,"footnotes":""},"class_list":["post-380","page","type-page","status-publish","hentry"],"aioseo_notices":[],"_links":{"self":[{"href":"https:\/\/www.ecologik-it.com\/site\/wp-json\/wp\/v2\/pages\/380","targetHints":{"allow":["GET"]}}],"collection":[{"href":"https:\/\/www.ecologik-it.com\/site\/wp-json\/wp\/v2\/pages"}],"about":[{"href":"https:\/\/www.ecologik-it.com\/site\/wp-json\/wp\/v2\/types\/page"}],"author":[{"embeddable":true,"href":"https:\/\/www.ecologik-it.com\/site\/wp-json\/wp\/v2\/users\/1"}],"replies":[{"embeddable":true,"href":"https:\/\/www.ecologik-it.com\/site\/wp-json\/wp\/v2\/comments?post=380"}],"version-history":[{"count":14,"href":"https:\/\/www.ecologik-it.com\/site\/wp-json\/wp\/v2\/pages\/380\/revisions"}],"predecessor-version":[{"id":489,"href":"https:\/\/www.ecologik-it.com\/site\/wp-json\/wp\/v2\/pages\/380\/revisions\/489"}],"wp:attachment":[{"href":"https:\/\/www.ecologik-it.com\/site\/wp-json\/wp\/v2\/media?parent=380"}],"curies":[{"name":"wp","href":"https:\/\/api.w.org\/{rel}","templated":true}]}}