{"id":363,"date":"2024-04-28T15:54:03","date_gmt":"2024-04-28T13:54:03","guid":{"rendered":"http:\/\/www.ecologik-it.com\/site\/?page_id=363"},"modified":"2024-06-01T15:51:30","modified_gmt":"2024-06-01T13:51:30","slug":"qui-suis-je-2","status":"publish","type":"page","link":"https:\/\/www.ecologik-it.com\/site\/qui-suis-je-2\/","title":{"rendered":"Introduction"},"content":{"rendered":"\n<div class=\"wp-block-cover\" style=\"min-height:282px;aspect-ratio:unset;\"><span aria-hidden=\"true\" class=\"wp-block-cover__background has-mono-1-background-color has-background-dim\"><\/span><img loading=\"lazy\" decoding=\"async\" width=\"1280\" height=\"372\" class=\"wp-block-cover__image-background wp-image-199\" alt=\"\" src=\"https:\/\/www.ecologik-it.com\/site\/wp-content\/uploads\/2024\/03\/network.png\" data-object-fit=\"cover\" srcset=\"https:\/\/www.ecologik-it.com\/site\/wp-content\/uploads\/2024\/03\/network.png 1280w, https:\/\/www.ecologik-it.com\/site\/wp-content\/uploads\/2024\/03\/network-300x87.png 300w, https:\/\/www.ecologik-it.com\/site\/wp-content\/uploads\/2024\/03\/network-1024x298.png 1024w, https:\/\/www.ecologik-it.com\/site\/wp-content\/uploads\/2024\/03\/network-768x223.png 768w\" sizes=\"auto, (max-width: 1280px) 100vw, 1280px\" \/><div class=\"wp-block-cover__inner-container has-global-padding is-layout-constrained wp-block-cover-is-layout-constrained\">\n<p class=\"has-text-align-center has-large-font-size\"><\/p>\n<\/div><\/div>\n\n\n\n<div class=\"wp-block-columns is-layout-flex wp-container-core-columns-is-layout-28f84493 wp-block-columns-is-layout-flex\">\n<div class=\"wp-block-column is-layout-flow wp-block-column-is-layout-flow\" style=\"flex-basis:33.33%\">\n<figure class=\"wp-block-image size-full is-resized\"><img loading=\"lazy\" decoding=\"async\" width=\"670\" height=\"454\" src=\"https:\/\/www.ecologik-it.com\/site\/wp-content\/uploads\/2024\/04\/informatique.png\" alt=\"\" class=\"wp-image-364\" style=\"width:349px;height:auto\" srcset=\"https:\/\/www.ecologik-it.com\/site\/wp-content\/uploads\/2024\/04\/informatique.png 670w, https:\/\/www.ecologik-it.com\/site\/wp-content\/uploads\/2024\/04\/informatique-300x203.png 300w\" sizes=\"auto, (max-width: 670px) 100vw, 670px\" \/><\/figure>\n<\/div>\n\n\n\n<div class=\"wp-block-column is-vertically-aligned-center is-layout-flow wp-block-column-is-layout-flow\">\n<p>Fils d&rsquo;ouvrier et passionn\u00e9 de technologie, je suis en grande partie autodidacte. De formation \u00e9lectrotechnique, tomb\u00e9 par hasard &#8211; et par chance aussi &#8211; dans le creuset de la d\u00e9mocratisation informatique du milieu des ann\u00e9es 80, au d\u00e9tour d&rsquo;un programme exp\u00e9rimental de l&rsquo;\u00e9ducation nationale avec deux professeurs passionn\u00e9s d&rsquo;informatique, j&rsquo;ai eu la chance d&rsquo;en faire mon m\u00e9tier de m&rsquo;y \u00e9panouir.<\/p>\n\n\n\n<p>L&rsquo;informatique \u00e9tait bien loin de ce qu&rsquo;elle est devenue aujourd&rsquo;hui, c&rsquo;\u00e9tait un monde de bidouilleurs et de passionn\u00e9s d&rsquo;un cot\u00e9, un mode de docteurs en math\u00e9matique et de scientifiques de l&rsquo;autre cot\u00e9. Ces deux mondes ont finis par plus ou moins se rencontrer vers la fin des ann\u00e9es 90 avec l&rsquo;av\u00e8nement d&rsquo;Internet.<\/p>\n\n\n\n<p><\/p>\n<\/div>\n<\/div>\n\n\n\n<div class=\"wp-block-buttons is-content-justification-center is-layout-flex wp-container-core-buttons-is-layout-a89b3969 wp-block-buttons-is-layout-flex\">\n<div class=\"wp-block-button\"><a class=\"wp-block-button__link has-text-align-center wp-element-button\" href=\"#Suite1\">Lire la suite<\/a><\/div>\n<\/div>\n\n\n\n<h2 class=\"wp-block-heading has-superbfont-medium-font-size\" id=\"Suite1\">Un parcours atypique<\/h2>\n\n\n\n<div class=\"wp-block-columns is-layout-flex wp-container-core-columns-is-layout-28f84493 wp-block-columns-is-layout-flex\" id=\"Suite1\">\n<div class=\"wp-block-column is-vertically-aligned-center is-layout-flow wp-block-column-is-layout-flow\" style=\"flex-basis:66.66%\">\n<p>Apr\u00e8s un d\u00e9but en int\u00e9rim, agent de fabrication, agent de maintenance et mon service militaire effectu\u00e9, je suis entr\u00e9 pour quelques ann\u00e9es dans une petite entreprise d&rsquo;\u00e9lectronique de la r\u00e9gion Auvergne, <strong>SOFRELA<\/strong>, qui produisait des \u00e9quipements pour la \u00ab\u00a0<strong>traffitique<\/strong>\u00ab\u00a0, je pense que vous connaissez tous les panneaux \u00e0 message variables sur les autoroutes, et bien en 1990 c&rsquo;\u00e9tait les premiers essors de ces appareils avec des <strong>LED<\/strong> haute intensit\u00e9 de surcroit pilotables \u00e0 distance gr\u00e2ce \u00e0 une simple ligne t\u00e9l\u00e9phonique et un modem. Le d\u00e9but de l&rsquo;<strong>IOT<\/strong> en quelque sorte !<\/p>\n\n\n\n<p><\/p>\n<\/div>\n\n\n\n<div class=\"wp-block-column is-layout-flow wp-block-column-is-layout-flow\" style=\"flex-basis:33.33%\">\n<figure class=\"wp-block-image size-full\"><img loading=\"lazy\" decoding=\"async\" width=\"354\" height=\"246\" src=\"https:\/\/www.ecologik-it.com\/site\/wp-content\/uploads\/2024\/05\/Panneau.png\" alt=\"\" class=\"wp-image-547\" srcset=\"https:\/\/www.ecologik-it.com\/site\/wp-content\/uploads\/2024\/05\/Panneau.png 354w, https:\/\/www.ecologik-it.com\/site\/wp-content\/uploads\/2024\/05\/Panneau-300x208.png 300w\" sizes=\"auto, (max-width: 354px) 100vw, 354px\" \/><\/figure>\n<\/div>\n<\/div>\n\n\n\n<p><\/p>\n\n\n\n<div class=\"wp-block-columns is-layout-flex wp-container-core-columns-is-layout-28f84493 wp-block-columns-is-layout-flex\">\n<div class=\"wp-block-column is-layout-flow wp-block-column-is-layout-flow\" style=\"flex-basis:33.33%\">\n<figure class=\"wp-block-image size-full\"><img loading=\"lazy\" decoding=\"async\" width=\"360\" height=\"216\" src=\"https:\/\/www.ecologik-it.com\/site\/wp-content\/uploads\/2024\/05\/robot.png\" alt=\"\" class=\"wp-image-572\" srcset=\"https:\/\/www.ecologik-it.com\/site\/wp-content\/uploads\/2024\/05\/robot.png 360w, https:\/\/www.ecologik-it.com\/site\/wp-content\/uploads\/2024\/05\/robot-300x180.png 300w\" sizes=\"auto, (max-width: 360px) 100vw, 360px\" \/><\/figure>\n<\/div>\n\n\n\n<div class=\"wp-block-column is-layout-flow wp-block-column-is-layout-flow\" style=\"flex-basis:66.66%\">\n<p><\/p>\n\n\n\n<p>A partir de 1991, <strong>SOFRELA<\/strong> va faire l&rsquo;acquisition d&rsquo;un robot pour la d\u00e9pose automatique des <strong>LED<\/strong> sur les <strong>PCB<\/strong> avant soudure \u00e0 la vague, une autre r\u00e9volution alors que la robotique n&rsquo;en est pas encore \u00e0 ce que l&rsquo;on peut voir aujourd&rsquo;hui, un projet g\u00e9nial pour l&rsquo;\u00e9poque auquel j&rsquo;ai \u00e9t\u00e9 associ\u00e9.<\/p>\n<\/div>\n<\/div>\n\n\n\n<p><\/p>\n\n\n\n<p>En 1993, peut \u00eatre un trop d&rsquo;avance sur son temps, la soci\u00e9t\u00e9 a commenc\u00e9 \u00e0 avoir des difficult\u00e9s et je me suis retrouv\u00e9 sans emploi provisoirement. Loin de me d\u00e9courager je d\u00e9cide alors d&rsquo;aiguiser mes connaissance en automatisme et informatique industrielle. Apr\u00e8s six mois de formation, je suis recrut\u00e9 par la soci\u00e9t\u00e9 de service <strong>SELIA<\/strong> au sein de laquelle est regroup\u00e9 l&rsquo;informatique, entre autres, du <strong>Groupe LIMAGRAIN<\/strong>, un des plus gros semenciers du monde, qui a son si\u00e8ge dans le Puy-de-D\u00f4me. <\/p>\n\n\n\n<div class=\"wp-block-buttons is-content-justification-center is-layout-flex wp-container-core-buttons-is-layout-098cc607 wp-block-buttons-is-layout-flex\">\n<div class=\"wp-block-button\"><a class=\"wp-block-button__link wp-element-button\" href=\"#Suite2\">Lire la suite<\/a><\/div>\n<\/div>\n\n\n\n<h2 class=\"wp-block-heading has-superbfont-medium-font-size\" id=\"Suite2\">Dans le grand bain<\/h2>\n\n\n\n<p>Tout d&rsquo;abord recrut\u00e9 pour remplacer un pupitreur sur Bull DPS8 (un MainFrame), j&rsquo;allais passer presque 10 ans au sein du service, perfectionnant mes comp\u00e9tences, en d\u00e9veloppant sous un L4G tr\u00e8s peu connu mais tr\u00e8s avanc\u00e9 pour l&rsquo;\u00e9poque. J&rsquo;aurais aussi l&rsquo;occasion de faire mes premi\u00e8res armes sous Unix.<\/p>\n\n\n\n<p>Au fil des ann\u00e9es j&rsquo;ai particip\u00e9, \u00e0 ce qui pourrait sans doute \u00eatre qualifi\u00e9 de l&rsquo;<strong>ERP<\/strong> le plus en avanc\u00e9 \u00e0 cette \u00e9poque. Chariot \u00e9l\u00e9vateurs \u00e9quip\u00e9s d&rsquo;ordinateurs embarqu\u00e9s, connect\u00e9s en temps r\u00e9el via un r\u00e9seau de bornes <strong>PROXIM<\/strong> 64 bits\/sec (30 000 m\u00b2 d\u2019entrep\u00f4ts couverts). Une r\u00e9volution pour l&rsquo;\u00e9poque. Le tout d\u00e9but du <strong>Edge Computing <\/strong>en somme ! <\/p>\n\n\n\n<div class=\"wp-block-columns is-layout-flex wp-container-core-columns-is-layout-28f84493 wp-block-columns-is-layout-flex\">\n<div class=\"wp-block-column is-layout-flow wp-block-column-is-layout-flow\" style=\"flex-basis:33.33%\">\n<figure class=\"wp-block-image size-full\"><img loading=\"lazy\" decoding=\"async\" width=\"380\" height=\"293\" src=\"https:\/\/www.ecologik-it.com\/site\/wp-content\/uploads\/2024\/05\/serveurhp.png\" alt=\"\" class=\"wp-image-582\" srcset=\"https:\/\/www.ecologik-it.com\/site\/wp-content\/uploads\/2024\/05\/serveurhp.png 380w, https:\/\/www.ecologik-it.com\/site\/wp-content\/uploads\/2024\/05\/serveurhp-300x231.png 300w\" sizes=\"auto, (max-width: 380px) 100vw, 380px\" \/><\/figure>\n<\/div>\n\n\n\n<div class=\"wp-block-column is-layout-flow wp-block-column-is-layout-flow\" style=\"flex-basis:66.66%\">\n<p><\/p>\n\n\n\n<p>D\u00e9veloppement, administration des serveurs de bases de donn\u00e9es sous <strong>UNIX<\/strong>, cr\u00e9ation des premi\u00e8res fonctionnalit\u00e9s d\u2019ordonnancement, puis int\u00e9gration et mise en place du moteur d&rsquo;ordonnancement <strong>ORTEMS<\/strong>, une nouveaut\u00e9 \u00e0 la fin des ann\u00e9es 1990, aujourd&rsquo;hui propri\u00e9t\u00e9 de Dassault Syst\u00e8mes. J&rsquo;ai acquit un savoir faire unique et encore aujourd&rsquo;hui in\u00e9gal\u00e9 par les d\u00e9fis que nous avons dus relever \u00e0 une \u00e9poque o\u00f9 <strong>Internet<\/strong> \u00e9tait encore balbutiant et o\u00f9 il fallait chercher les informations dans les livres et les publications mensuelles.<\/p>\n\n\n<\/div>\n<\/div>\n\n\n\n<p><\/p>\n\n\n\n<p>A partir du d\u00e9but des ann\u00e9es 2000, LIMAGRAIN a \u00e9t\u00e9 l&rsquo;une des premi\u00e8res entreprise convaincue des avantages d&rsquo;une tra\u00e7abilit\u00e9 d&rsquo;un bout \u00e0 l&rsquo;autre de la chaine. Ce nouveau challenge s&rsquo;est r\u00e9v\u00e9l\u00e9 payant pour l&rsquo;entreprise et pour moi aussi car j&rsquo;ai \u00e9t\u00e9 en contact avec <strong>Daniel BORIES<\/strong>, fondateur de <strong>CIPAM<\/strong> o\u00f9 j&rsquo;allais passer plus de 20 ans \u00e0 d\u00e9velopper des solutions de tra\u00e7abilit\u00e9 avec des technologies diverses et vari\u00e9es dont la technologie RFID.<\/p>\n\n\n\n<div class=\"wp-block-buttons is-content-justification-center is-layout-flex wp-container-core-buttons-is-layout-a89b3969 wp-block-buttons-is-layout-flex\">\n<div class=\"wp-block-button\"><a class=\"wp-block-button__link wp-element-button\" href=\"#Suite3\">Lire la suite<\/a><\/div>\n<\/div>\n\n\n\n<h2 class=\"wp-block-heading\" id=\"Suite3\">Deux d\u00e9cennies au service de CIPAM<\/h2>\n\n\n\n<p>Ma rencontre avec <strong>Daniel<\/strong> va alors marquer un tournant dans ma carri\u00e8re. Apr\u00e8s presque 10 ans \u00e0 <strong>LIMAGRAIN<\/strong>, j&rsquo;ai donc int\u00e9gr\u00e9 <strong>CIPAM<\/strong>, au d\u00e9part comme responsable automatisme, puis les ann\u00e9es passant je suis devenu le responsable du p\u00f4le d\u00e9veloppement informatique et suis reconnaissant envers lui de m&rsquo;avoir accord\u00e9 \u00e0 la fois sa confiance et une grande libert\u00e9 au sein de <strong>CIPAM<\/strong>.<\/p>\n\n\n\n<div class=\"wp-block-columns is-layout-flex wp-container-core-columns-is-layout-28f84493 wp-block-columns-is-layout-flex\">\n<div class=\"wp-block-column is-layout-flow wp-block-column-is-layout-flow\" style=\"flex-basis:66.66%\">\n<p>J&rsquo;y ai d\u00e9velopp\u00e9 de nombreuses solution originales pour nos clients et d\u00e9velopp\u00e9 mon autonomie en termes de <strong>gestion de projets<\/strong>. Parcourant la France et l&rsquo;Europe, j&rsquo;ai eu de nombreuses exp\u00e9riences dans des domaines industriels tr\u00e8s h\u00e9t\u00e9rog\u00e8nes au cours de plus de 20 ann\u00e9es pass\u00e9es au sein de <strong>CIPAM<\/strong>. Devenu par exp\u00e9rience un v\u00e9ritable architecte des syst\u00e8mes informatiques industriels et un sp\u00e9cialiste des questions de tra\u00e7abilit\u00e9, d&rsquo;interfa\u00e7age des syst\u00e8mes d&rsquo;automatisme avec l&rsquo;informatique de gestion et toutes sortes de syst\u00e8mes.<\/p>\n\n\n\n<p><\/p>\n\n\n\n<p>Parmis les clients les plus embl\u00e9matiques et remarquables pour lesquels j&rsquo;ai eu le privil\u00e8ge de travailler au sein de <strong>CIPAM<\/strong>, je peux citer Michelin, Lear Corporation, Hennessy, Legrand, Sapmer, Menuiseries Ari\u00e9geoises, le groupe Bernier, le groupe Vessiere, Biomerieux, Air Products, EDF, Banque de France. Et cette liste est loin d&rsquo;\u00eatre exhaustive.<\/p>\n\n\n\n<p>Personne de terrain avant tout, je n&rsquo;h\u00e9site jamais lorsqu&rsquo;il faut me d\u00e9placer sur site et toutes ces ann\u00e9es ont \u00e9t\u00e9 riches en rencontres, et en projets vari\u00e9s bas\u00e9s autour des m\u00e9tiers de <strong>CIPAM<\/strong>.<\/p>\n<\/div>\n\n\n\n<div class=\"wp-block-column is-layout-flow wp-block-column-is-layout-flow\" style=\"flex-basis:33.33%\">\n<figure class=\"wp-block-image size-full\"><img loading=\"lazy\" decoding=\"async\" width=\"382\" height=\"453\" src=\"https:\/\/www.ecologik-it.com\/site\/wp-content\/uploads\/2024\/05\/sapmer.png\" alt=\"\" class=\"wp-image-605\" srcset=\"https:\/\/www.ecologik-it.com\/site\/wp-content\/uploads\/2024\/05\/sapmer.png 382w, https:\/\/www.ecologik-it.com\/site\/wp-content\/uploads\/2024\/05\/sapmer-253x300.png 253w\" sizes=\"auto, (max-width: 382px) 100vw, 382px\" \/><\/figure>\n<\/div>\n<\/div>\n\n\n\n<p>Mais les ann\u00e9es ont pass\u00e9es et j&rsquo;ai pris la d\u00e9cision, en 2024, de construire autre choses, mon propre \u00e9cosyst\u00e8me, de continuer mon chemin.<\/p>\n\n\n\n<div class=\"wp-block-buttons is-content-justification-center is-layout-flex wp-container-core-buttons-is-layout-098cc607 wp-block-buttons-is-layout-flex\">\n<div class=\"wp-block-button\"><a class=\"wp-block-button__link wp-element-button\" href=\"#Suite4\">Lire la suite<\/a><\/div>\n<\/div>\n\n\n\n<h2 class=\"wp-block-heading\" id=\"Suite4\">Et aujourd&rsquo;hui ?<\/h2>\n\n\n\n<div class=\"wp-block-columns are-vertically-aligned-center is-layout-flex wp-container-core-columns-is-layout-28f84493 wp-block-columns-is-layout-flex\">\n<div class=\"wp-block-column is-vertically-aligned-center is-layout-flow wp-block-column-is-layout-flow\" style=\"flex-basis:66.66%\">\n<p>Et la suite ? La suite c&rsquo;est <strong>ECOLOGIK<\/strong>, une vision d\u00e9complex\u00e9e de mon m\u00e9tier, bas\u00e9e sur la confiance, l&rsquo;humain et la technologie. La r\u00e9volution est en cours et s&rsquo;il ne faut pas rater le train, il faut prendre le bon, \u00e9viter les \u00e9cueils et faire des choix raisonn\u00e9s et p\u00e9rennes. <\/p>\n\n\n\n<p>La r\u00e9flexion, la prise de distance est n\u00e9cessaire aujourd&rsquo;hui pour aborder correctement les d\u00e9fis de demain, les d\u00e9fis de l&rsquo;industrie 4.0. Fournir des solutions intelligentes, \u00e9conomiquement viables et qui seront \u00e0 la fois durables et adaptables.<\/p>\n\n\n\n<p><strong>ECOLOGIK<\/strong> comme son nom l&rsquo;indique c&rsquo;est une vision raisonnable en termes de couts et d&#8217;empreinte environnementale, reposant sur du d\u00e9veloppement natif, r\u00e9duisant l&rsquo;utilisation de frameworks au strict n\u00e9cessaire et privil\u00e9giant la performance, la simplicit\u00e9, et la maintenabilit\u00e9.  <\/p>\n\n\n\n<p><\/p>\n\n\n\n<p><\/p>\n<\/div>\n\n\n\n<div class=\"wp-block-column is-vertically-aligned-center is-layout-flow wp-block-column-is-layout-flow\" style=\"flex-basis:33.33%\">\n<figure class=\"wp-block-image aligncenter size-full is-resized\"><img loading=\"lazy\" decoding=\"async\" width=\"138\" height=\"158\" src=\"https:\/\/www.ecologik-it.com\/site\/wp-content\/uploads\/2024\/05\/lily.png\" alt=\"\" class=\"wp-image-550\" style=\"width:175px;height:auto\"\/><\/figure>\n<\/div>\n<\/div>\n\n\n\n<p>Je promeus aussi, chaque fois que possible l&rsquo;utilisation de produits libres et Open Source. Aujourd&rsquo;hui 80% des serveurs de l&rsquo;Internet mondial sont anim\u00e9s par Linux, m\u00eame une partie de l&rsquo;internet de Microsoft. De plus de nombreuses solutions Open Source sont aussi disponible sous Windows et sont parfois plus stables et plus souples que des solutions payantes. Pourquoi s&rsquo;en priver ? <\/p>\n\n\n\n<p><strong><mark style=\"background-color:rgba(0, 0, 0, 0)\" class=\"has-inline-color has-primary-hover-color\">Utiliser mon savoir, mon exp\u00e9rience, pour vous permettre d&rsquo;avancer.<\/mark><\/strong><\/p>\n\n\n\n<div class=\"wp-block-buttons is-content-justification-center is-layout-flex wp-container-core-buttons-is-layout-a89b3969 wp-block-buttons-is-layout-flex\">\n<div class=\"wp-block-button\"><a class=\"wp-block-button__link wp-element-button\" href=\"https:\/\/www.ecologik-it.com\/#\">Retour \u00e0 l&rsquo;accueil<\/a><\/div>\n\n\n\n<div class=\"wp-block-button is-style-outline is-style-outline--1\"><a class=\"wp-block-button__link has-primary-hover-color has-text-color has-link-color wp-element-button\" href=\"https:\/\/www.ecologik-it.com\/site\/contact\/\">Contactons-nous<\/a><\/div>\n<\/div>\n","protected":false},"excerpt":{"rendered":"<p>Fils d&rsquo;ouvrier et passionn\u00e9 de technologie, je suis en grande partie autodidacte. De formation \u00e9lectrotechnique, tomb\u00e9 par hasard &#8211; et par chance aussi &#8211; dans le creuset de la d\u00e9mocratisation informatique du milieu des ann\u00e9es 80, au d\u00e9tour d&rsquo;un programme exp\u00e9rimental de l&rsquo;\u00e9ducation nationale avec deux professeurs passionn\u00e9s d&rsquo;informatique, j&rsquo;ai eu la chance d&rsquo;en faire [&hellip;]<\/p>\n","protected":false},"author":1,"featured_media":0,"parent":0,"menu_order":0,"comment_status":"closed","ping_status":"closed","template":"","meta":{"_monsterinsights_skip_tracking":false,"_monsterinsights_sitenote_active":false,"_monsterinsights_sitenote_note":"","_monsterinsights_sitenote_category":0,"footnotes":""},"class_list":["post-363","page","type-page","status-publish","hentry"],"aioseo_notices":[],"_links":{"self":[{"href":"https:\/\/www.ecologik-it.com\/site\/wp-json\/wp\/v2\/pages\/363","targetHints":{"allow":["GET"]}}],"collection":[{"href":"https:\/\/www.ecologik-it.com\/site\/wp-json\/wp\/v2\/pages"}],"about":[{"href":"https:\/\/www.ecologik-it.com\/site\/wp-json\/wp\/v2\/types\/page"}],"author":[{"embeddable":true,"href":"https:\/\/www.ecologik-it.com\/site\/wp-json\/wp\/v2\/users\/1"}],"replies":[{"embeddable":true,"href":"https:\/\/www.ecologik-it.com\/site\/wp-json\/wp\/v2\/comments?post=363"}],"version-history":[{"count":40,"href":"https:\/\/www.ecologik-it.com\/site\/wp-json\/wp\/v2\/pages\/363\/revisions"}],"predecessor-version":[{"id":685,"href":"https:\/\/www.ecologik-it.com\/site\/wp-json\/wp\/v2\/pages\/363\/revisions\/685"}],"wp:attachment":[{"href":"https:\/\/www.ecologik-it.com\/site\/wp-json\/wp\/v2\/media?parent=363"}],"curies":[{"name":"wp","href":"https:\/\/api.w.org\/{rel}","templated":true}]}}